{"id":15,"date":"2025-03-17T00:57:20","date_gmt":"2025-03-16T23:57:20","guid":{"rendered":"https:\/\/xtijeans.com.ar\/?page_id=15"},"modified":"2025-03-17T03:11:19","modified_gmt":"2025-03-17T02:11:19","slug":"nosotros","status":"publish","type":"page","link":"https:\/\/xtijeans.com.ar\/?page_id=15","title":{"rendered":"Sobre nosotros"},"content":{"rendered":"\n<p>Nuestra f\u00e1brica est\u00e1 ubicada en el Partido de La Matanza, Buenos Aires, Argentina.<br>Contamos con nuestro propio lavadero industrial, que garantiza nuestra supervisi\u00f3n durante todo el proceso, desde la creaci\u00f3n hasta la entrega al comprador al por mayor, asegurando la m\u00e1xima calidad de nuestros productos.<\/p>\n\n\n\n<p>Somos una empresa con d\u00e9cadas de experiencia en el tratado, dise\u00f1o y limpieza de prendas de alta calidad.<\/p>\n","protected":false},"excerpt":{"rendered":"<p>Nuestra f\u00e1brica est\u00e1 ubicada en el Partido de La Matanza, Buenos Aires, Argentina.Contamos con nuestro propio lavadero industrial, que garantiza nuestra supervisi\u00f3n durante todo el proceso, desde la creaci\u00f3n hasta la entrega al comprador al por mayor, asegurando la m\u00e1xima calidad de nuestros productos. Somos una empresa con d\u00e9cadas de experiencia en el tratado, dise\u00f1o &hellip; <\/p>\n<p class=\"link-more\"><a href=\"https:\/\/xtijeans.com.ar\/?page_id=15\" class=\"more-link\">Continue reading<span class=\"screen-reader-text\"> &#8220;Sobre nosotros&#8221;<\/span><\/a><\/p>\n","protected":false},"author":1,"featured_media":48,"parent":0,"menu_order":0,"comment_status":"closed","ping_status":"closed","template":"","meta":{"footnotes":""},"class_list":["post-15","page","type-page","status-publish","has-post-thumbnail","hentry"],"_links":{"self":[{"href":"https:\/\/xtijeans.com.ar\/index.php?rest_route=\/wp\/v2\/pages\/15","targetHints":{"allow":["GET"]}}],"collection":[{"href":"https:\/\/xtijeans.com.ar\/index.php?rest_route=\/wp\/v2\/pages"}],"about":[{"href":"https:\/\/xtijeans.com.ar\/index.php?rest_route=\/wp\/v2\/types\/page"}],"author":[{"embeddable":true,"href":"https:\/\/xtijeans.com.ar\/index.php?rest_route=\/wp\/v2\/users\/1"}],"replies":[{"embeddable":true,"href":"https:\/\/xtijeans.com.ar\/index.php?rest_route=%2Fwp%2Fv2%2Fcomments&post=15"}],"version-history":[{"count":4,"href":"https:\/\/xtijeans.com.ar\/index.php?rest_route=\/wp\/v2\/pages\/15\/revisions"}],"predecessor-version":[{"id":103,"href":"https:\/\/xtijeans.com.ar\/index.php?rest_route=\/wp\/v2\/pages\/15\/revisions\/103"}],"wp:featuredmedia":[{"embeddable":true,"href":"https:\/\/xtijeans.com.ar\/index.php?rest_route=\/wp\/v2\/media\/48"}],"wp:attachment":[{"href":"https:\/\/xtijeans.com.ar\/index.php?rest_route=%2Fwp%2Fv2%2Fmedia&parent=15"}],"curies":[{"name":"wp","href":"https:\/\/api.w.org\/{rel}","templated":true}]}}